{"id":565,"date":"2025-07-25T11:24:55","date_gmt":"2025-07-25T11:24:55","guid":{"rendered":"https:\/\/www.ecologistaszamora.org\/ez\/?page_id=565"},"modified":"2025-07-25T11:44:29","modified_gmt":"2025-07-25T11:44:29","slug":"anuncios-oficiales","status":"publish","type":"page","link":"http:\/\/www.ecologistaszamora.org\/ez\/anuncios-oficiales\/","title":{"rendered":"Anuncios oficiales"},"content":{"rendered":"\n<p>Subimos aqu\u00ed para conocimiento de socios y ciudadanos interesados, las informaciones, ANUNCIOS y convocatorias que vayan llegando a nuestra direcci\u00f3n, y otras que vayamos encontrando todos en nuestras consultas de los boletines y p\u00e1ginas oficiales de la Diputaci\u00f3n, de la Junta de Castilla y Le\u00f3n, y del BOE.<\/p>\n\n\n\n<p><\/p>\n\n\n\n<p><\/p>\n\n\n\n<div class=\"wp-block-buttons is-layout-flex wp-block-buttons-is-layout-flex\">\n<div class=\"wp-block-button\"><a class=\"wp-block-button__link wp-element-button\">24 Julio 2025<\/a><\/div>\n<\/div>\n\n\n\n<p class=\"has-black-color has-text-color has-link-color wp-elements-8e5c04b9e1737ad855a484b47306a89a\"><strong>Ampliaci\u00f3n de nave de cerdos en Morales del rey<\/strong><\/p>\n\n\n\n<div data-wp-interactive=\"core\/file\" class=\"wp-block-file\"><object data-wp-bind--hidden=\"!state.hasPdfPreview\" hidden class=\"wp-block-file__embed\" data=\"https:\/\/www.ecologistaszamora.org\/ez\/wp-content\/uploads\/2025\/07\/CopiaAutentica_036-20-ROZA-y-056-20-MSZA-Audiencia-EEAA-Za.pdf.pdf\" type=\"application\/pdf\" style=\"width:100%;height:330px\" aria-label=\"Incrustado de CopiaAutentica_036-20-ROZA-y-056-20-MSZA-Audiencia-EEAA-Za.pdf.\"><\/object><a id=\"wp-block-file--media-6e6ece36-65b2-4974-9a7f-f0a3d3b1217e\" href=\"https:\/\/www.ecologistaszamora.org\/ez\/wp-content\/uploads\/2025\/07\/CopiaAutentica_036-20-ROZA-y-056-20-MSZA-Audiencia-EEAA-Za.pdf.pdf\">CopiaAutentica_036-20-ROZA-y-056-20-MSZA-Audiencia-EEAA-Za.pdf<\/a><a href=\"https:\/\/www.ecologistaszamora.org\/ez\/wp-content\/uploads\/2025\/07\/CopiaAutentica_036-20-ROZA-y-056-20-MSZA-Audiencia-EEAA-Za.pdf.pdf\" class=\"wp-block-file__button wp-element-button\" download aria-describedby=\"wp-block-file--media-6e6ece36-65b2-4974-9a7f-f0a3d3b1217e\">Descarga<\/a><\/div>\n\n\n\n<div class=\"wp-block-buttons is-layout-flex wp-block-buttons-is-layout-flex\">\n<div class=\"wp-block-button\"><a class=\"wp-block-button__link wp-element-button\">23 julio 2025<\/a><\/div>\n<\/div>\n\n\n\n<p><em><a href=\"https:\/\/bocyl.jcyl.es\/html\/2025\/07\/25\/html\/BOCYL-D-25072025-15.do\">ORDEN MAV\/830\/2025, de 23 de julio, por la que se aprueba el Plan Regional de \u00e1mbito territorial para la construcci\u00f3n de un nuevo acuartelamiento en el \u00abCampamento de Monte la Reina\u00bb del t\u00e9rmino municipal de Toro (Zamora)<\/a><\/em><\/p>\n","protected":false},"excerpt":{"rendered":"<p>Subimos aqu\u00ed para conocimiento de socios y ciudadanos interesados, las informaciones, ANUNCIOS y convocatorias que vayan llegando a<\/p>\n","protected":false},"author":1,"featured_media":0,"parent":0,"menu_order":0,"comment_status":"closed","ping_status":"closed","template":"","meta":{"footnotes":""},"class_list":["post-565","page","type-page","status-publish","hentry"],"_links":{"self":[{"href":"http:\/\/www.ecologistaszamora.org\/ez\/wp-json\/wp\/v2\/pages\/565","targetHints":{"allow":["GET"]}}],"collection":[{"href":"http:\/\/www.ecologistaszamora.org\/ez\/wp-json\/wp\/v2\/pages"}],"about":[{"href":"http:\/\/www.ecologistaszamora.org\/ez\/wp-json\/wp\/v2\/types\/page"}],"author":[{"embeddable":true,"href":"http:\/\/www.ecologistaszamora.org\/ez\/wp-json\/wp\/v2\/users\/1"}],"replies":[{"embeddable":true,"href":"http:\/\/www.ecologistaszamora.org\/ez\/wp-json\/wp\/v2\/comments?post=565"}],"version-history":[{"count":3,"href":"http:\/\/www.ecologistaszamora.org\/ez\/wp-json\/wp\/v2\/pages\/565\/revisions"}],"predecessor-version":[{"id":571,"href":"http:\/\/www.ecologistaszamora.org\/ez\/wp-json\/wp\/v2\/pages\/565\/revisions\/571"}],"wp:attachment":[{"href":"http:\/\/www.ecologistaszamora.org\/ez\/wp-json\/wp\/v2\/media?parent=565"}],"curies":[{"name":"wp","href":"https:\/\/api.w.org\/{rel}","templated":true}]}}